{"id":14,"date":"2022-06-30T13:42:10","date_gmt":"2022-06-30T13:42:10","guid":{"rendered":"https:\/\/oba.webdev.is\/?page_id=14"},"modified":"2022-08-23T10:50:12","modified_gmt":"2022-08-23T10:50:12","slug":"home","status":"publish","type":"page","link":"https:\/\/oba.webdev.is\/","title":{"rendered":"Fors\u00ed\u00f0a"},"content":{"rendered":"\t\t<div data-elementor-type=\"wp-page\" data-elementor-id=\"14\" class=\"elementor elementor-14\">\n\t\t\t\t\t\t\t\t\t<section class=\"elementor-section elementor-top-section elementor-element elementor-element-2f1cdbe elementor-section-full_width elementor-section-height-default elementor-section-height-default\" data-id=\"2f1cdbe\" data-element_type=\"section\">\n\t\t\t\t\t\t\t<div class=\"elementor-background-overlay\"><\/div>\n\t\t\t\t\t\t\t<div class=\"elementor-container elementor-column-gap-default\">\n\t\t\t\t\t<div class=\"elementor-column elementor-col-100 elementor-top-column elementor-element elementor-element-b509fa4\" data-id=\"b509fa4\" data-element_type=\"column\">\n\t\t\t<div class=\"elementor-widget-wrap elementor-element-populated\">\n\t\t\t\t\t\t\t\t<div class=\"elementor-element elementor-element-54ba00a elementor-invisible elementor-widget elementor-widget-heading\" data-id=\"54ba00a\" data-element_type=\"widget\" data-settings=\"{&quot;_animation&quot;:&quot;fadeInLeft&quot;}\" data-widget_type=\"heading.default\">\n\t\t\t\t<div class=\"elementor-widget-container\">\n\t\t\t<style>\/*! elementor - v3.7.1 - 14-08-2022 *\/\n.elementor-heading-title{padding:0;margin:0;line-height:1}.elementor-widget-heading .elementor-heading-title[class*=elementor-size-]>a{color:inherit;font-size:inherit;line-height:inherit}.elementor-widget-heading .elementor-heading-title.elementor-size-small{font-size:15px}.elementor-widget-heading .elementor-heading-title.elementor-size-medium{font-size:19px}.elementor-widget-heading .elementor-heading-title.elementor-size-large{font-size:29px}.elementor-widget-heading .elementor-heading-title.elementor-size-xl{font-size:39px}.elementor-widget-heading .elementor-heading-title.elementor-size-xxl{font-size:59px}<\/style><h1 class=\"elementor-heading-title elementor-size-xxl\">Wine and land ehf.<\/h1>\t\t<\/div>\n\t\t\t\t<\/div>\n\t\t\t\t\t<\/div>\n\t\t<\/div>\n\t\t\t\t\t\t\t<\/div>\n\t\t<\/section>\n\t\t\t\t<section class=\"elementor-section elementor-top-section elementor-element elementor-element-f05cfe6 elementor-section-full_width elementor-section-height-default elementor-section-height-default\" data-id=\"f05cfe6\" data-element_type=\"section\">\n\t\t\t\t\t\t\t<div class=\"elementor-background-overlay\"><\/div>\n\t\t\t\t\t\t\t<div class=\"elementor-container elementor-column-gap-default\">\n\t\t\t\t\t<div class=\"elementor-column elementor-col-33 elementor-top-column elementor-element elementor-element-cbb96bc\" data-id=\"cbb96bc\" data-element_type=\"column\">\n\t\t\t<div class=\"elementor-widget-wrap\">\n\t\t\t\t\t\t\t\t\t<\/div>\n\t\t<\/div>\n\t\t\t\t<div class=\"elementor-column elementor-col-33 elementor-top-column elementor-element elementor-element-aac5f38\" data-id=\"aac5f38\" data-element_type=\"column\">\n\t\t\t<div class=\"elementor-widget-wrap elementor-element-populated\">\n\t\t\t\t\t\t\t\t<div class=\"elementor-element elementor-element-e92d319 elementor-widget elementor-widget-text-editor\" data-id=\"e92d319\" data-element_type=\"widget\" data-widget_type=\"text-editor.default\">\n\t\t\t\t<div class=\"elementor-widget-container\">\n\t\t\t<style>\/*! elementor - v3.7.1 - 14-08-2022 *\/\n.elementor-widget-text-editor.elementor-drop-cap-view-stacked .elementor-drop-cap{background-color:#818a91;color:#fff}.elementor-widget-text-editor.elementor-drop-cap-view-framed .elementor-drop-cap{color:#818a91;border:3px solid;background-color:transparent}.elementor-widget-text-editor:not(.elementor-drop-cap-view-default) .elementor-drop-cap{margin-top:8px}.elementor-widget-text-editor:not(.elementor-drop-cap-view-default) .elementor-drop-cap-letter{width:1em;height:1em}.elementor-widget-text-editor .elementor-drop-cap{float:left;text-align:center;line-height:1;font-size:50px}.elementor-widget-text-editor .elementor-drop-cap-letter{display:inline-block}<\/style>\t\t\t\t<p><strong>G\u00f3\u00f0 l\u00e9ttv\u00edn fr\u00e1 r\u00famensku v\u00ednekrunni Aurelia Visinescu og seljum vi\u00f0 b\u00e6\u00f0i \u00feekktu rau\u00f0v\u00ednstegundina Cabernet Sauvignon og innlendu rau\u00f0v\u00ednstegundina Feteasca Neagra og \u00feekktu hv\u00edtv\u00ednstegundina Chardonnay og innlendu tegundirnar Feteasca Regala og Tamaaioasa, sem er mj\u00f6g gott s\u00e6tt hv\u00edtv\u00edn.<\/strong><\/p>\t\t\t\t\t\t<\/div>\n\t\t\t\t<\/div>\n\t\t\t\t\t<\/div>\n\t\t<\/div>\n\t\t\t\t<div class=\"elementor-column elementor-col-33 elementor-top-column elementor-element elementor-element-80afc96\" data-id=\"80afc96\" data-element_type=\"column\">\n\t\t\t<div class=\"elementor-widget-wrap\">\n\t\t\t\t\t\t\t\t\t<\/div>\n\t\t<\/div>\n\t\t\t\t\t\t\t<\/div>\n\t\t<\/section>\n\t\t\t\t<section class=\"elementor-section elementor-top-section elementor-element elementor-element-75f17e0 elementor-section-boxed elementor-section-height-default elementor-section-height-default\" data-id=\"75f17e0\" data-element_type=\"section\" data-settings=\"{&quot;background_background&quot;:&quot;classic&quot;}\">\n\t\t\t\t\t\t\t<div class=\"elementor-background-overlay\"><\/div>\n\t\t\t\t\t\t\t<div class=\"elementor-container elementor-column-gap-default\">\n\t\t\t\t\t<div class=\"elementor-column elementor-col-66 elementor-top-column elementor-element elementor-element-23a3c51\" data-id=\"23a3c51\" data-element_type=\"column\">\n\t\t\t<div class=\"elementor-widget-wrap elementor-element-populated\">\n\t\t\t\t\t\t\t\t<div class=\"elementor-element elementor-element-eaf9efb elementor-widget__width-auto elementor-widget elementor-widget-text-editor\" data-id=\"eaf9efb\" data-element_type=\"widget\" data-widget_type=\"text-editor.default\">\n\t\t\t\t<div class=\"elementor-widget-container\">\n\t\t\t\t\t\t\t<h3><strong>NOMAD Feteasca Neagra<\/strong><\/h3><p><strong>\u00c1rger\u00f0<\/strong>\u00a0 2018<\/p><p><strong>V\u00edn tegund<\/strong>\u00a0 \u00deurrt<\/p><p><strong>Litur<\/strong>\u00a0 Bjartur r\u00fab\u00ednrau\u00f0ur litur<\/p><p><strong>Ilmur<\/strong>\u00a0 \u00deurrar pl\u00f3mur og lykt af sv\u00f6rtum berjum. \u00a0<\/p><p><strong>Brag\u00f0<\/strong>\u00a0 Flauel me\u00f0 vott af kirsuberjum og r\u00fas\u00ednum.<\/p><p><strong>Hentar me\u00f0<\/strong>\u00a0 Er h\u00e6gt a\u00f0 bj\u00f3\u00f0a me\u00f0 rau\u00f0u kj\u00f6ti, sterkum ostum, a\u00f0eins k\u00e6lt vi\u00f0 16 \u2013 18 gt\u00e1\u00f0ur cels\u00edus. G\u00f3ms\u00e6tt me\u00f0 sterkum osti vi\u00f0 lok m\u00e1lt\u00ed\u00f0ar.<\/p><p><strong>\u00c1fengis magn<\/strong>\u00a0 14%<\/p><p><strong>Sv\u00e6\u00f0i<\/strong>\u00a0 Dealu Mare DOC \u2013 CMD<\/p><p><strong>Gerjun<\/strong>\u00a0 Sj\u00e1 heimas\u00ed\u00f0u v\u00ednekru https:\/\/aureliavisinescu.com\/\u00a0<\/p><p><strong>\u00deroskun \u00ed eik<\/strong>\u00a0 n\/a<\/p><p><span style=\"text-decoration: underline;\">Ver\u00f0 2.775 kr.\u00a0<\/span><\/p><p>Magn 75 cl<\/p>\t\t\t\t\t\t<\/div>\n\t\t\t\t<\/div>\n\t\t\t\t\t<\/div>\n\t\t<\/div>\n\t\t\t\t<div class=\"elementor-column elementor-col-33 elementor-top-column elementor-element elementor-element-51082c0\" data-id=\"51082c0\" data-element_type=\"column\">\n\t\t\t<div class=\"elementor-widget-wrap elementor-element-populated\">\n\t\t\t\t\t\t\t\t<div class=\"elementor-element elementor-element-91036bb elementor-widget__width-auto animated-slow elementor-invisible elementor-widget elementor-widget-image\" data-id=\"91036bb\" data-element_type=\"widget\" data-settings=\"{&quot;_animation&quot;:&quot;fadeIn&quot;}\" data-widget_type=\"image.default\">\n\t\t\t\t<div class=\"elementor-widget-container\">\n\t\t\t<style>\/*! elementor - v3.7.1 - 14-08-2022 *\/\n.elementor-widget-image{text-align:center}.elementor-widget-image a{display:inline-block}.elementor-widget-image a img[src$=\".svg\"]{width:48px}.elementor-widget-image img{vertical-align:middle;display:inline-block}<\/style>\t\t\t\t\t\t\t\t\t\t\t\t<img loading=\"lazy\" decoding=\"async\" width=\"99\" height=\"414\" src=\"https:\/\/oba.webdev.is\/wp-content\/uploads\/2022\/07\/Nomad-Feteasca-Neagra.jpg\" class=\"attachment-large size-large\" alt=\"\" srcset=\"https:\/\/oba.webdev.is\/wp-content\/uploads\/2022\/07\/Nomad-Feteasca-Neagra.jpg 99w, https:\/\/oba.webdev.is\/wp-content\/uploads\/2022\/07\/Nomad-Feteasca-Neagra-72x300.jpg 72w\" sizes=\"auto, (max-width: 99px) 100vw, 99px\" \/>\t\t\t\t\t\t\t\t\t\t\t\t\t\t\t<\/div>\n\t\t\t\t<\/div>\n\t\t\t\t\t<\/div>\n\t\t<\/div>\n\t\t\t\t\t\t\t<\/div>\n\t\t<\/section>\n\t\t\t\t<section class=\"elementor-section elementor-top-section elementor-element elementor-element-497c355 elementor-section-boxed elementor-section-height-default elementor-section-height-default\" data-id=\"497c355\" data-element_type=\"section\" data-settings=\"{&quot;background_background&quot;:&quot;classic&quot;}\">\n\t\t\t\t\t\t<div class=\"elementor-container elementor-column-gap-default\">\n\t\t\t\t\t<div class=\"elementor-column elementor-col-33 elementor-top-column elementor-element elementor-element-a2cd7f6\" data-id=\"a2cd7f6\" data-element_type=\"column\">\n\t\t\t<div class=\"elementor-widget-wrap elementor-element-populated\">\n\t\t\t\t\t\t\t\t<div class=\"elementor-element elementor-element-2fe6aae animated-slow elementor-invisible elementor-widget elementor-widget-image\" data-id=\"2fe6aae\" data-element_type=\"widget\" data-settings=\"{&quot;_animation&quot;:&quot;fadeIn&quot;}\" data-widget_type=\"image.default\">\n\t\t\t\t<div class=\"elementor-widget-container\">\n\t\t\t\t\t\t\t\t\t\t\t\t\t\t\t<img loading=\"lazy\" decoding=\"async\" width=\"111\" height=\"404\" src=\"https:\/\/oba.webdev.is\/wp-content\/uploads\/2022\/07\/Karakter-Cabernet-Sauvignon.jpg\" class=\"attachment-large size-large\" alt=\"\" \/>\t\t\t\t\t\t\t\t\t\t\t\t\t\t\t<\/div>\n\t\t\t\t<\/div>\n\t\t\t\t\t<\/div>\n\t\t<\/div>\n\t\t\t\t<div class=\"elementor-column elementor-col-66 elementor-top-column elementor-element elementor-element-a9ffa28\" data-id=\"a9ffa28\" data-element_type=\"column\">\n\t\t\t<div class=\"elementor-widget-wrap elementor-element-populated\">\n\t\t\t\t\t\t\t\t<div class=\"elementor-element elementor-element-d9ab41a elementor-widget elementor-widget-text-editor\" data-id=\"d9ab41a\" data-element_type=\"widget\" data-widget_type=\"text-editor.default\">\n\t\t\t\t<div class=\"elementor-widget-container\">\n\t\t\t\t\t\t\t<h3><strong>KARAKTER Cabernet Sauvignon<\/strong><\/h3><p><strong>\u00c1rger\u00f0<\/strong>\u00a0 2017<\/p><p><strong>V\u00edn tegund<\/strong>\u00a0 \u00deurrt<\/p><p><strong>Litur<\/strong>\u00a0 V\u00ednrautt<\/p><p><strong>Ilmur<\/strong> Sterkur ilmur af sv\u00f6rtum \u00e1v\u00f6xtum og sm\u00e1 eikarkeimur.<\/p><p><strong>Brag\u00f0<\/strong>\u00a0 Flauel og mj\u00fakt \u00e1 brag\u00f0i\u00f0, me\u00f0 s\u00e6tum tannin og l\u00f6ngu eftirbrag\u00f0i af t\u00f3baki, kaffi og kryddi.<\/p><p><strong>Hentar me\u00f0<\/strong>\u00a0 Berist fram vi\u00f0 18 gr\u00e1ur cels\u00edus, og er g\u00f3\u00f0ur kostur me\u00f0 kryddu\u00f0um mat, k\u00e1lfakj\u00f6ti og lambakj\u00f6ti, pasta e\u00f0a sterkum osti.<\/p><p><strong>\u00c1fengis magn<\/strong>\u00a0 14%<\/p><p><strong>Sv\u00e6\u00f0i<\/strong>\u00a0 Dealu Mare DOC \u2013 CMD<\/p><p><strong>Gerjun<\/strong>\u00a0 Sj\u00e1 heimas\u00ed\u00f0u v\u00ednekru https:\/\/aureliavisinescu.com\/\u00a0<\/p><p><strong>\u00deroskun \u00ed eik<\/strong>\u00a0 12 m\u00e1nu\u00f0i \u00ed r\u00famenskum eikartunnum.<\/p><p><span style=\"text-decoration: underline;\">Ver\u00f0 2.950 kr.\u00a0<\/span><\/p><p>Magn 75 cl<\/p>\t\t\t\t\t\t<\/div>\n\t\t\t\t<\/div>\n\t\t\t\t\t<\/div>\n\t\t<\/div>\n\t\t\t\t\t\t\t<\/div>\n\t\t<\/section>\n\t\t\t\t<section class=\"elementor-section elementor-top-section elementor-element elementor-element-482b6dd elementor-section-boxed elementor-section-height-default elementor-section-height-default\" data-id=\"482b6dd\" data-element_type=\"section\">\n\t\t\t\t\t\t<div class=\"elementor-container elementor-column-gap-default\">\n\t\t\t\t\t<div class=\"elementor-column elementor-col-66 elementor-top-column elementor-element elementor-element-6b7b4bc\" data-id=\"6b7b4bc\" data-element_type=\"column\">\n\t\t\t<div class=\"elementor-widget-wrap elementor-element-populated\">\n\t\t\t\t\t\t\t\t<div class=\"elementor-element elementor-element-e0a08af elementor-widget elementor-widget-text-editor\" data-id=\"e0a08af\" data-element_type=\"widget\" data-widget_type=\"text-editor.default\">\n\t\t\t\t<div class=\"elementor-widget-container\">\n\t\t\t\t\t\t\t<h3><strong>KARAKTER Chardonnay<\/strong><\/h3><p><strong>\u00c1rger\u00f0<\/strong> 2021<\/p><p><strong>V\u00edn tegund<\/strong> \u00deurrt<\/p><p><strong>Litur<\/strong> Lj\u00f3s s\u00edtr\u00f3na<\/p><p><strong>Ilmur<\/strong> Ferskt og \u00e1vaxtar\u00edkt, me\u00f0 ananas, banana, gula mel\u00f3nu og \u00e1vaxtalykt.<\/p><p><strong>Brag\u00f0<\/strong> V\u00edni\u00f0 er \u00ed g\u00f3\u00f0u jafnv\u00e6gi me\u00f0 krem\u00e1fer\u00f0 og l\u00f6ngu eftirbrag\u00f0i.<\/p><p><strong>Hentar me\u00f0<\/strong> Klass\u00edskt Chardonnay v\u00edn sem hentar vel me\u00f0 sterkum r\u00e9ttum og rj\u00f3ma s\u00f3sum, sj\u00e1varr\u00e9ttum e\u00f0a eitt og s\u00e9r. K\u00e6lt vi\u00f0 10 \u2013 13 gr\u00e1\u00f0ur cels\u00edus.<\/p><p><strong>\u00c1fengis magn<\/strong> 13.5%<\/p><p><strong>Sv\u00e6\u00f0i<\/strong> Dealu Mare DOC \u2013 CT<\/p><p><strong>Gerjun<\/strong> Sj\u00e1 heimas\u00ed\u00f0u <a href=\"https:\/\/aureliavisinescu.com\/\">v\u00ednekru<\/a> https:\/\/aureliavisinescu.com\/\u00a0<\/p><p><strong>\u00deroskun \u00ed eik<\/strong> n\/a<\/p><p><span style=\"text-decoration: underline;\">Ver\u00f0 2.775 kr.\u00a0<\/span><\/p><p>Magn 75 cl<\/p>\t\t\t\t\t\t<\/div>\n\t\t\t\t<\/div>\n\t\t\t\t\t<\/div>\n\t\t<\/div>\n\t\t\t\t<div class=\"elementor-column elementor-col-33 elementor-top-column elementor-element elementor-element-a8c18e8\" data-id=\"a8c18e8\" data-element_type=\"column\">\n\t\t\t<div class=\"elementor-widget-wrap elementor-element-populated\">\n\t\t\t\t\t\t\t\t<div class=\"elementor-element elementor-element-7e231ca animated-slow elementor-invisible elementor-widget elementor-widget-image\" data-id=\"7e231ca\" data-element_type=\"widget\" data-settings=\"{&quot;_animation&quot;:&quot;fadeIn&quot;}\" data-widget_type=\"image.default\">\n\t\t\t\t<div class=\"elementor-widget-container\">\n\t\t\t\t\t\t\t\t\t\t\t\t\t\t\t<img loading=\"lazy\" decoding=\"async\" width=\"102\" height=\"344\" src=\"https:\/\/oba.webdev.is\/wp-content\/uploads\/2022\/07\/Karakter-Chardonnay.jpg\" class=\"attachment-full size-full\" alt=\"\" srcset=\"https:\/\/oba.webdev.is\/wp-content\/uploads\/2022\/07\/Karakter-Chardonnay.jpg 102w, https:\/\/oba.webdev.is\/wp-content\/uploads\/2022\/07\/Karakter-Chardonnay-89x300.jpg 89w\" sizes=\"auto, (max-width: 102px) 100vw, 102px\" \/>\t\t\t\t\t\t\t\t\t\t\t\t\t\t\t<\/div>\n\t\t\t\t<\/div>\n\t\t\t\t\t<\/div>\n\t\t<\/div>\n\t\t\t\t\t\t\t<\/div>\n\t\t<\/section>\n\t\t\t\t<section class=\"elementor-section elementor-top-section elementor-element elementor-element-b2e9bb6 elementor-section-boxed elementor-section-height-default elementor-section-height-default\" data-id=\"b2e9bb6\" data-element_type=\"section\">\n\t\t\t\t\t\t<div class=\"elementor-container elementor-column-gap-default\">\n\t\t\t\t\t<div class=\"elementor-column elementor-col-100 elementor-top-column elementor-element elementor-element-28ce996\" data-id=\"28ce996\" data-element_type=\"column\">\n\t\t\t<div class=\"elementor-widget-wrap\">\n\t\t\t\t\t\t\t\t\t<\/div>\n\t\t<\/div>\n\t\t\t\t\t\t\t<\/div>\n\t\t<\/section>\n\t\t\t\t<section class=\"elementor-section elementor-top-section elementor-element elementor-element-a7cbf2e elementor-section-boxed elementor-section-height-default elementor-section-height-default\" data-id=\"a7cbf2e\" data-element_type=\"section\" data-settings=\"{&quot;background_background&quot;:&quot;classic&quot;}\">\n\t\t\t\t\t\t<div class=\"elementor-container elementor-column-gap-default\">\n\t\t\t\t\t<div class=\"elementor-column elementor-col-33 elementor-top-column elementor-element elementor-element-26c74de\" data-id=\"26c74de\" data-element_type=\"column\">\n\t\t\t<div class=\"elementor-widget-wrap elementor-element-populated\">\n\t\t\t\t\t\t\t\t<div class=\"elementor-element elementor-element-8b9dd0c animated-slow elementor-invisible elementor-widget elementor-widget-image\" data-id=\"8b9dd0c\" data-element_type=\"widget\" data-settings=\"{&quot;_animation&quot;:&quot;fadeIn&quot;}\" data-widget_type=\"image.default\">\n\t\t\t\t<div class=\"elementor-widget-container\">\n\t\t\t\t\t\t\t\t\t\t\t\t\t\t\t<img loading=\"lazy\" decoding=\"async\" width=\"91\" height=\"350\" src=\"https:\/\/oba.webdev.is\/wp-content\/uploads\/2022\/07\/Artisan-Tamaioasa-Romanesca-sweet.jpg\" class=\"attachment-large size-large\" alt=\"\" srcset=\"https:\/\/oba.webdev.is\/wp-content\/uploads\/2022\/07\/Artisan-Tamaioasa-Romanesca-sweet.jpg 91w, https:\/\/oba.webdev.is\/wp-content\/uploads\/2022\/07\/Artisan-Tamaioasa-Romanesca-sweet-78x300.jpg 78w\" sizes=\"auto, (max-width: 91px) 100vw, 91px\" \/>\t\t\t\t\t\t\t\t\t\t\t\t\t\t\t<\/div>\n\t\t\t\t<\/div>\n\t\t\t\t\t<\/div>\n\t\t<\/div>\n\t\t\t\t<div class=\"elementor-column elementor-col-66 elementor-top-column elementor-element elementor-element-dbfdc0b\" data-id=\"dbfdc0b\" data-element_type=\"column\">\n\t\t\t<div class=\"elementor-widget-wrap elementor-element-populated\">\n\t\t\t\t\t\t\t\t<div class=\"elementor-element elementor-element-b52c6c1 elementor-widget elementor-widget-text-editor\" data-id=\"b52c6c1\" data-element_type=\"widget\" data-widget_type=\"text-editor.default\">\n\t\t\t\t<div class=\"elementor-widget-container\">\n\t\t\t\t\t\t\t<h3><strong>ARTISAN Tamaioasa Romaneasca S\u00e6tt<\/strong><\/h3><p><strong>\u00c1rger\u00f0<\/strong>\u00a0 2018<\/p><p><strong>V\u00edn tegund<\/strong>\u00a0 S\u00e6tt<\/p><p><strong>Litur<\/strong>\u00a0 Lj\u00f3s s\u00edtr\u00f3na<\/p><p><strong>Ilmur<\/strong>\u00a0 Ynd\u00e6l lykt, elderflower, basil og su\u00f0r\u00e6nir \u00e1vextir.<\/p><p><strong>Brag\u00f0<\/strong>\u00a0 Brag\u00f0i\u00f0 er s\u00e6tt hunang og \u00ed g\u00f3\u00f0u jafnv\u00e6gi me\u00f0 g\u00f3\u00f0u s\u00fdrustigi.<\/p><p><strong>Hentar me\u00f0<\/strong>\u00a0 \u00e1 a\u00f0 bera fram me\u00f0 \u2018foie gras\u2019, bakkelsi og s\u00e6tindum auk s\u00e6ts as\u00edsks matar, vel k\u00e6lt vi\u00f0 6-8 gr\u00e1\u00f0ur cels\u00edus.<\/p><p><strong>\u00c1fengis magn<\/strong>\u00a0 12%<\/p><p><strong>Sv\u00e6\u00f0i<\/strong>\u00a0 Dealu Mare DOC \u2013 CT<\/p><p><strong>Gerjun<\/strong>\u00a0 Sj\u00e1 heimas\u00ed\u00f0u v\u00ednekru https:\/\/aureliavisinescu.com\/\u00a0<\/p><p>\u00deetta er eina Domeniile Sahateni\u2019s eftirr\u00e9ttarv\u00edni\u00f0, gert \u00far s\u00ed\u00f0ari uppskeru v\u00ednberjum \u00e1 g\u00f3\u00f0um sykursafns \u00e1rum. \u00a0<\/p><p><strong>\u00deroskun \u00ed eik<\/strong>\u00a0 n\/a<\/p><p><span style=\"text-decoration: underline;\">Ver\u00f0 2.775 kr.\u00a0<\/span><\/p><p>Magn 75 cl<\/p>\t\t\t\t\t\t<\/div>\n\t\t\t\t<\/div>\n\t\t\t\t\t<\/div>\n\t\t<\/div>\n\t\t\t\t\t\t\t<\/div>\n\t\t<\/section>\n\t\t\t\t<section class=\"elementor-section elementor-top-section elementor-element elementor-element-66258b1 elementor-section-boxed elementor-section-height-default elementor-section-height-default\" data-id=\"66258b1\" data-element_type=\"section\">\n\t\t\t\t\t\t<div class=\"elementor-container elementor-column-gap-default\">\n\t\t\t\t\t<div class=\"elementor-column elementor-col-100 elementor-top-column elementor-element elementor-element-3c464b5\" data-id=\"3c464b5\" data-element_type=\"column\">\n\t\t\t<div class=\"elementor-widget-wrap elementor-element-populated\">\n\t\t\t\t\t\t\t\t<section class=\"elementor-section elementor-inner-section elementor-element elementor-element-46e0103 elementor-section-boxed elementor-section-height-default elementor-section-height-default\" data-id=\"46e0103\" data-element_type=\"section\">\n\t\t\t\t\t\t<div class=\"elementor-container elementor-column-gap-default\">\n\t\t\t\t\t<div class=\"elementor-column elementor-col-50 elementor-inner-column elementor-element elementor-element-467abc7\" data-id=\"467abc7\" data-element_type=\"column\">\n\t\t\t<div class=\"elementor-widget-wrap elementor-element-populated\">\n\t\t\t\t\t\t\t\t<div class=\"elementor-element elementor-element-c1780bf elementor-widget elementor-widget-text-editor\" data-id=\"c1780bf\" data-element_type=\"widget\" data-widget_type=\"text-editor.default\">\n\t\t\t\t<div class=\"elementor-widget-container\">\n\t\t\t\t\t\t\t<h3><strong>NOMAD Feteasca Regala<\/strong><\/h3><p><strong>\u00c1rger\u00f0<\/strong>\u00a0 2019<\/p><p><strong>V\u00edn tegund<\/strong>\u00a0 \u00deurrt<\/p><p><strong>Litur<\/strong>\u00a0 Lj\u00f3s s\u00edtr\u00f3na<\/p><p><strong>Ilmur<\/strong>\u00a0 Ferskt gras, elderflower bl\u00f3m og lykt af villtum bl\u00f3mum.<\/p><p><strong>Brag\u00f0<\/strong>\u00a0 Fr\u00edskandi brag\u00f0, me\u00f0 greip og s\u00edtr\u00f3nju keim \u00ed endann.<\/p><p><strong>Hentar me\u00f0<\/strong>\u00a0 Vel k\u00e6lt, hentar vel,me\u00f0 fisk og sj\u00e1varr\u00e9ttum, sterkum r\u00e9ttum og salati. \u00dea\u00f0 er l\u00edka mj\u00f6g gott eitt og s\u00e9r sem fordrykkur.<\/p><p><strong>\u00c1fengis magn<\/strong>\u00a0 13%<\/p><p><strong>Sv\u00e6\u00f0i<\/strong>\u00a0 Dealu Mare DOC \u2013 CMD<\/p><p><strong>Gerjun<\/strong>\u00a0 Sj\u00e1 heimas\u00ed\u00f0u v\u00ednekru https:\/\/aureliavisinescu.com\/\u00a0<\/p><p><strong>\u00deroskun \u00ed eik<\/strong>\u00a0 n\/a<\/p><p><span style=\"text-decoration: underline;\">Ver\u00f0 2.500 kr.\u00a0<\/span><\/p><p>Magn 75 cl<\/p>\t\t\t\t\t\t<\/div>\n\t\t\t\t<\/div>\n\t\t\t\t\t<\/div>\n\t\t<\/div>\n\t\t\t\t<div class=\"elementor-column elementor-col-50 elementor-inner-column elementor-element elementor-element-cb96db9\" data-id=\"cb96db9\" data-element_type=\"column\">\n\t\t\t<div class=\"elementor-widget-wrap elementor-element-populated\">\n\t\t\t\t\t\t\t\t<div class=\"elementor-element elementor-element-d75d7ff animated-slow elementor-invisible elementor-widget elementor-widget-image\" data-id=\"d75d7ff\" data-element_type=\"widget\" data-settings=\"{&quot;_animation&quot;:&quot;fadeIn&quot;}\" data-widget_type=\"image.default\">\n\t\t\t\t<div class=\"elementor-widget-container\">\n\t\t\t\t\t\t\t\t\t\t\t\t\t\t\t<img loading=\"lazy\" decoding=\"async\" width=\"108\" height=\"379\" src=\"https:\/\/oba.webdev.is\/wp-content\/uploads\/2022\/07\/Nomad-Feteasca-Regala.jpg\" class=\"attachment-large size-large\" alt=\"\" \/>\t\t\t\t\t\t\t\t\t\t\t\t\t\t\t<\/div>\n\t\t\t\t<\/div>\n\t\t\t\t\t<\/div>\n\t\t<\/div>\n\t\t\t\t\t\t\t<\/div>\n\t\t<\/section>\n\t\t\t\t\t<\/div>\n\t\t<\/div>\n\t\t\t\t\t\t\t<\/div>\n\t\t<\/section>\n\t\t\t\t<section class=\"elementor-section elementor-top-section elementor-element elementor-element-ed3222e elementor-section-full_width elementor-section-height-default elementor-section-height-default\" data-id=\"ed3222e\" data-element_type=\"section\" data-settings=\"{&quot;background_background&quot;:&quot;classic&quot;}\">\n\t\t\t\t\t\t\t<div class=\"elementor-background-overlay\"><\/div>\n\t\t\t\t\t\t\t<div class=\"elementor-container elementor-column-gap-default\">\n\t\t\t\t\t<div class=\"elementor-column elementor-col-33 elementor-top-column elementor-element elementor-element-fb11a41\" data-id=\"fb11a41\" data-element_type=\"column\" data-settings=\"{&quot;background_background&quot;:&quot;classic&quot;}\">\n\t\t\t<div class=\"elementor-widget-wrap\">\n\t\t\t\t\t\t\t\t\t<\/div>\n\t\t<\/div>\n\t\t\t\t<div class=\"elementor-column elementor-col-33 elementor-top-column elementor-element elementor-element-71b7a36 elementor-invisible\" data-id=\"71b7a36\" data-element_type=\"column\" data-settings=\"{&quot;animation&quot;:&quot;fadeInRight&quot;}\">\n\t\t\t<div class=\"elementor-widget-wrap elementor-element-populated\">\n\t\t\t\t\t\t\t\t<div class=\"elementor-element elementor-element-2910176 elementor-widget elementor-widget-heading\" data-id=\"2910176\" data-element_type=\"widget\" data-widget_type=\"heading.default\">\n\t\t\t\t<div class=\"elementor-widget-container\">\n\t\t\t<h1 class=\"elementor-heading-title elementor-size-xl\">Haf\u00f0u samband!<\/h1>\t\t<\/div>\n\t\t\t\t<\/div>\n\t\t\t\t<div class=\"elementor-element elementor-element-117d12b elementor-widget elementor-widget-text-editor\" data-id=\"117d12b\" data-element_type=\"widget\" data-widget_type=\"text-editor.default\">\n\t\t\t\t<div class=\"elementor-widget-container\">\n\t\t\t\t\t\t\t<h3>8974696<\/h3><h3><a href=\"mailto:wineandland@wineandland.is\">wineandland@wineandland.is<\/a><\/h3>\t\t\t\t\t\t<\/div>\n\t\t\t\t<\/div>\n\t\t\t\t\t<\/div>\n\t\t<\/div>\n\t\t\t\t<div class=\"elementor-column elementor-col-33 elementor-top-column elementor-element elementor-element-dcc75cb\" data-id=\"dcc75cb\" data-element_type=\"column\">\n\t\t\t<div class=\"elementor-widget-wrap\">\n\t\t\t\t\t\t\t\t\t<\/div>\n\t\t<\/div>\n\t\t\t\t\t\t\t<\/div>\n\t\t<\/section>\n\t\t\t\t\t\t\t<\/div>\n\t\t","protected":false},"excerpt":{"rendered":"<p>Wine and land ehf. G\u00f3\u00f0 l\u00e9ttv\u00edn fr\u00e1 r\u00famensku v\u00ednekrunni Aurelia Visinescu og seljum vi\u00f0 b\u00e6\u00f0i \u00feekktu rau\u00f0v\u00ednstegundina Cabernet Sauvignon og innlendu rau\u00f0v\u00ednstegundina Feteasca Neagra og \u00feekktu hv\u00edtv\u00ednstegundina Chardonnay og innlendu<\/p>\n","protected":false},"author":2,"featured_media":0,"parent":0,"menu_order":0,"comment_status":"closed","ping_status":"closed","template":"elementor_header_footer","meta":{"footnotes":""},"class_list":{"1":"page","2":"type-page","3":"status-publish","4":"hentry"},"_links":{"self":[{"href":"https:\/\/oba.webdev.is\/index.php\/wp-json\/wp\/v2\/pages\/14","targetHints":{"allow":["GET"]}}],"collection":[{"href":"https:\/\/oba.webdev.is\/index.php\/wp-json\/wp\/v2\/pages"}],"about":[{"href":"https:\/\/oba.webdev.is\/index.php\/wp-json\/wp\/v2\/types\/page"}],"author":[{"embeddable":true,"href":"https:\/\/oba.webdev.is\/index.php\/wp-json\/wp\/v2\/users\/2"}],"replies":[{"embeddable":true,"href":"https:\/\/oba.webdev.is\/index.php\/wp-json\/wp\/v2\/comments?post=14"}],"version-history":[{"count":198,"href":"https:\/\/oba.webdev.is\/index.php\/wp-json\/wp\/v2\/pages\/14\/revisions"}],"predecessor-version":[{"id":253,"href":"https:\/\/oba.webdev.is\/index.php\/wp-json\/wp\/v2\/pages\/14\/revisions\/253"}],"wp:attachment":[{"href":"https:\/\/oba.webdev.is\/index.php\/wp-json\/wp\/v2\/media?parent=14"}],"curies":[{"name":"wp","href":"https:\/\/api.w.org\/{rel}","templated":true}]}}